{"id":211,"date":"2022-08-24T18:58:08","date_gmt":"2022-08-24T16:58:08","guid":{"rendered":"http:\/\/www.ekidem.com\/?page_id=211"},"modified":"2025-09-23T09:10:53","modified_gmt":"2025-09-23T07:10:53","slug":"missions","status":"publish","type":"page","link":"https:\/\/www.ekidem.com\/index.php\/missions\/","title":{"rendered":"Missions"},"content":{"rendered":"\t\t<div data-elementor-type=\"wp-page\" data-elementor-id=\"211\" class=\"elementor elementor-211\">\n\t\t\t\t\t\t<section class=\"elementor-section elementor-top-section elementor-element elementor-element-1e6cafa elementor-section-boxed elementor-section-height-default elementor-section-height-default\" data-id=\"1e6cafa\" data-element_type=\"section\">\n\t\t\t\t\t\t<div class=\"elementor-container elementor-column-gap-default\">\n\t\t\t\t\t<div class=\"elementor-column elementor-col-33 elementor-top-column elementor-element elementor-element-a20746d\" data-id=\"a20746d\" data-element_type=\"column\">\n\t\t\t<div class=\"elementor-widget-wrap elementor-element-populated\">\n\t\t\t\t\t\t<div class=\"elementor-element elementor-element-324d208 elementor-widget elementor-widget-heading\" data-id=\"324d208\" data-element_type=\"widget\" data-widget_type=\"heading.default\">\n\t\t\t\t<div class=\"elementor-widget-container\">\n\t\t\t\t\t<h2 class=\"elementor-heading-title elementor-size-default\">Aide au choix de logiciels<\/h2>\t\t\t\t<\/div>\n\t\t\t\t<\/div>\n\t\t\t\t<div class=\"elementor-element elementor-element-013e9d1 elementor-widget__width-initial elementor-widget elementor-widget-text-editor\" data-id=\"013e9d1\" data-element_type=\"widget\" data-widget_type=\"text-editor.default\">\n\t\t\t\t<div class=\"elementor-widget-container\">\n\t\t\t\t\t\t\t\t\t<p>Le choix d&rsquo;un WMS ou d&rsquo;un TMS est un projet avant le projet. L&rsquo;objectif sera de trouver la solution la plus adapt\u00e9e \u00e0 votre activit\u00e9: interviews, r\u00e9daction du cahier des charges et formalisation de l&rsquo;appel d&rsquo;offres jusqu&rsquo;au choix final et la contractualisation.<\/p>\t\t\t\t\t\t\t\t<\/div>\n\t\t\t\t<\/div>\n\t\t\t\t<div class=\"elementor-element elementor-element-ae67ddf elementor-widget elementor-widget-image\" data-id=\"ae67ddf\" data-element_type=\"widget\" data-widget_type=\"image.default\">\n\t\t\t\t<div class=\"elementor-widget-container\">\n\t\t\t\t\t\t\t\t\t\t\t\t\t\t\t<img fetchpriority=\"high\" decoding=\"async\" width=\"450\" height=\"240\" src=\"https:\/\/www.ekidem.com\/wp-content\/uploads\/2022\/08\/portes-2.png\" class=\"attachment-large size-large wp-image-206\" alt=\"\" srcset=\"https:\/\/www.ekidem.com\/wp-content\/uploads\/2022\/08\/portes-2.png 450w, https:\/\/www.ekidem.com\/wp-content\/uploads\/2022\/08\/portes-2-300x160.png 300w\" sizes=\"(max-width: 450px) 100vw, 450px\" \/>\t\t\t\t\t\t\t\t\t\t\t\t\t\t\t<\/div>\n\t\t\t\t<\/div>\n\t\t\t\t\t<\/div>\n\t\t<\/div>\n\t\t\t\t<div class=\"elementor-column elementor-col-33 elementor-top-column elementor-element elementor-element-9b5f4d1\" data-id=\"9b5f4d1\" data-element_type=\"column\">\n\t\t\t<div class=\"elementor-widget-wrap elementor-element-populated\">\n\t\t\t\t\t\t<div class=\"elementor-element elementor-element-9f00428 elementor-widget elementor-widget-heading\" data-id=\"9f00428\" data-element_type=\"widget\" data-widget_type=\"heading.default\">\n\t\t\t\t<div class=\"elementor-widget-container\">\n\t\t\t\t\t<h2 class=\"elementor-heading-title elementor-size-default\">Cadrage fonctionnel<\/h2>\t\t\t\t<\/div>\n\t\t\t\t<\/div>\n\t\t\t\t<div class=\"elementor-element elementor-element-427e781 elementor-widget__width-initial elementor-widget elementor-widget-text-editor\" data-id=\"427e781\" data-element_type=\"widget\" data-widget_type=\"text-editor.default\">\n\t\t\t\t<div class=\"elementor-widget-container\">\n\t\t\t\t\t\t\t\t\t<p>Qu&rsquo;EKIDEM ait particip\u00e9 ou non au choix du logiciel, mon accompagnement sur cette \u00e9tape d&rsquo;analyse fonctionnelle est crucial pour prendre en compte l&rsquo;ensemble des enjeux op\u00e9rationnels et faciliter la compr\u00e9hension entre les \u00e9quipes m\u00e9tier et IT.<\/p>\t\t\t\t\t\t\t\t<\/div>\n\t\t\t\t<\/div>\n\t\t\t\t<div class=\"elementor-element elementor-element-b040256 elementor-widget elementor-widget-image\" data-id=\"b040256\" data-element_type=\"widget\" data-widget_type=\"image.default\">\n\t\t\t\t<div class=\"elementor-widget-container\">\n\t\t\t\t\t\t\t\t\t\t\t\t\t\t\t<img decoding=\"async\" width=\"432\" height=\"233\" src=\"https:\/\/www.ekidem.com\/wp-content\/uploads\/2022\/08\/doigt.png\" class=\"attachment-large size-large wp-image-200\" alt=\"\" srcset=\"https:\/\/www.ekidem.com\/wp-content\/uploads\/2022\/08\/doigt.png 432w, https:\/\/www.ekidem.com\/wp-content\/uploads\/2022\/08\/doigt-300x162.png 300w\" sizes=\"(max-width: 432px) 100vw, 432px\" \/>\t\t\t\t\t\t\t\t\t\t\t\t\t\t\t<\/div>\n\t\t\t\t<\/div>\n\t\t\t\t\t<\/div>\n\t\t<\/div>\n\t\t\t\t<div class=\"elementor-column elementor-col-33 elementor-top-column elementor-element elementor-element-df58974\" data-id=\"df58974\" data-element_type=\"column\">\n\t\t\t<div class=\"elementor-widget-wrap elementor-element-populated\">\n\t\t\t\t\t\t<div class=\"elementor-element elementor-element-eaa719d elementor-widget elementor-widget-heading\" data-id=\"eaa719d\" data-element_type=\"widget\" data-widget_type=\"heading.default\">\n\t\t\t\t<div class=\"elementor-widget-container\">\n\t\t\t\t\t<h2 class=\"elementor-heading-title elementor-size-default\">Assistance projet<\/h2>\t\t\t\t<\/div>\n\t\t\t\t<\/div>\n\t\t\t\t<div class=\"elementor-element elementor-element-c196638 elementor-widget__width-initial elementor-widget elementor-widget-text-editor\" data-id=\"c196638\" data-element_type=\"widget\" data-widget_type=\"text-editor.default\">\n\t\t\t\t<div class=\"elementor-widget-container\">\n\t\t\t\t\t\t\t\t\t<p>Mon expertise des processus et bonnes pratiques de gestion de projet, compl\u00e9t\u00e9e d&rsquo;une bonne connaissance des m\u00e9tiers de l&rsquo;entrep\u00f4t et du transport me permet de vous fournir une assistance efficace et pragmatique \u00e0 la maitrise d&rsquo;ouvrage.<\/p>\t\t\t\t\t\t\t\t<\/div>\n\t\t\t\t<\/div>\n\t\t\t\t<div class=\"elementor-element elementor-element-e375b63 elementor-widget elementor-widget-image\" data-id=\"e375b63\" data-element_type=\"widget\" data-widget_type=\"image.default\">\n\t\t\t\t<div class=\"elementor-widget-container\">\n\t\t\t\t\t\t\t\t\t\t\t\t\t\t\t<img decoding=\"async\" width=\"431\" height=\"233\" src=\"https:\/\/www.ekidem.com\/wp-content\/uploads\/2022\/08\/Reunion.png\" class=\"attachment-large size-large wp-image-202\" alt=\"\" srcset=\"https:\/\/www.ekidem.com\/wp-content\/uploads\/2022\/08\/Reunion.png 431w, https:\/\/www.ekidem.com\/wp-content\/uploads\/2022\/08\/Reunion-300x162.png 300w\" sizes=\"(max-width: 431px) 100vw, 431px\" \/>\t\t\t\t\t\t\t\t\t\t\t\t\t\t\t<\/div>\n\t\t\t\t<\/div>\n\t\t\t\t\t<\/div>\n\t\t<\/div>\n\t\t\t\t\t<\/div>\n\t\t<\/section>\n\t\t\t\t<\/div>\n\t\t","protected":false},"excerpt":{"rendered":"<p>Aide au choix de logiciels Le choix d&rsquo;un WMS ou d&rsquo;un TMS est un projet avant le projet. L&rsquo;objectif sera de trouver la solution la plus adapt\u00e9e \u00e0 votre activit\u00e9: interviews, r\u00e9daction du cahier des charges et formalisation de l&rsquo;appel d&rsquo;offres jusqu&rsquo;au choix final et la contractualisation. Cadrage fonctionnel Qu&rsquo;EKIDEM ait particip\u00e9 ou non au [&hellip;]<\/p>\n","protected":false},"author":1,"featured_media":0,"parent":0,"menu_order":0,"comment_status":"closed","ping_status":"closed","template":"","meta":{"ocean_post_layout":"full-width","ocean_both_sidebars_style":"","ocean_both_sidebars_content_width":0,"ocean_both_sidebars_sidebars_width":0,"ocean_sidebar":"0","ocean_second_sidebar":"0","ocean_disable_margins":"enable","ocean_add_body_class":"","ocean_shortcode_before_top_bar":"","ocean_shortcode_after_top_bar":"","ocean_shortcode_before_header":"","ocean_shortcode_after_header":"","ocean_has_shortcode":"","ocean_shortcode_after_title":"","ocean_shortcode_before_footer_widgets":"","ocean_shortcode_after_footer_widgets":"","ocean_shortcode_before_footer_bottom":"","ocean_shortcode_after_footer_bottom":"","ocean_display_top_bar":"default","ocean_display_header":"default","ocean_header_style":"","ocean_center_header_left_menu":"0","ocean_custom_header_template":"0","ocean_custom_logo":0,"ocean_custom_retina_logo":0,"ocean_custom_logo_max_width":0,"ocean_custom_logo_tablet_max_width":0,"ocean_custom_logo_mobile_max_width":0,"ocean_custom_logo_max_height":0,"ocean_custom_logo_tablet_max_height":0,"ocean_custom_logo_mobile_max_height":0,"ocean_header_custom_menu":"0","ocean_menu_typo_font_family":"0","ocean_menu_typo_font_subset":"","ocean_menu_typo_font_size":0,"ocean_menu_typo_font_size_tablet":0,"ocean_menu_typo_font_size_mobile":0,"ocean_menu_typo_font_size_unit":"px","ocean_menu_typo_font_weight":"","ocean_menu_typo_font_weight_tablet":"","ocean_menu_typo_font_weight_mobile":"","ocean_menu_typo_transform":"","ocean_menu_typo_transform_tablet":"","ocean_menu_typo_transform_mobile":"","ocean_menu_typo_line_height":0,"ocean_menu_typo_line_height_tablet":0,"ocean_menu_typo_line_height_mobile":0,"ocean_menu_typo_line_height_unit":"","ocean_menu_typo_spacing":0,"ocean_menu_typo_spacing_tablet":0,"ocean_menu_typo_spacing_mobile":0,"ocean_menu_typo_spacing_unit":"","ocean_menu_link_color":"","ocean_menu_link_color_hover":"","ocean_menu_link_color_active":"","ocean_menu_link_background":"","ocean_menu_link_hover_background":"","ocean_menu_link_active_background":"","ocean_menu_social_links_bg":"","ocean_menu_social_hover_links_bg":"","ocean_menu_social_links_color":"","ocean_menu_social_hover_links_color":"","ocean_disable_title":"default","ocean_disable_heading":"default","ocean_post_title":"","ocean_post_subheading":"","ocean_post_title_style":"","ocean_post_title_background_color":"","ocean_post_title_background":0,"ocean_post_title_bg_image_position":"","ocean_post_title_bg_image_attachment":"","ocean_post_title_bg_image_repeat":"","ocean_post_title_bg_image_size":"","ocean_post_title_height":0,"ocean_post_title_bg_overlay":0.5,"ocean_post_title_bg_overlay_color":"","ocean_disable_breadcrumbs":"default","ocean_breadcrumbs_color":"","ocean_breadcrumbs_separator_color":"","ocean_breadcrumbs_links_color":"","ocean_breadcrumbs_links_hover_color":"","ocean_display_footer_widgets":"default","ocean_display_footer_bottom":"default","ocean_custom_footer_template":"0","footnotes":""},"class_list":["post-211","page","type-page","status-publish","hentry","entry"],"yoast_head":"<!-- This site is optimized with the Yoast SEO plugin v22.4 - https:\/\/yoast.com\/wordpress\/plugins\/seo\/ -->\n<title>Missions - EKIDEM<\/title>\n<meta name=\"robots\" content=\"index, follow, max-snippet:-1, max-image-preview:large, max-video-preview:-1\" \/>\n<link rel=\"canonical\" href=\"https:\/\/www.ekidem.com\/index.php\/missions\/\" \/>\n<meta property=\"og:locale\" content=\"fr_FR\" \/>\n<meta property=\"og:type\" content=\"article\" \/>\n<meta property=\"og:title\" content=\"Missions - EKIDEM\" \/>\n<meta property=\"og:description\" content=\"Aide au choix de logiciels Le choix d&rsquo;un WMS ou d&rsquo;un TMS est un projet avant le projet. L&rsquo;objectif sera de trouver la solution la plus adapt\u00e9e \u00e0 votre activit\u00e9: interviews, r\u00e9daction du cahier des charges et formalisation de l&rsquo;appel d&rsquo;offres jusqu&rsquo;au choix final et la contractualisation. Cadrage fonctionnel Qu&rsquo;EKIDEM ait particip\u00e9 ou non au [&hellip;]\" \/>\n<meta property=\"og:url\" content=\"https:\/\/www.ekidem.com\/index.php\/missions\/\" \/>\n<meta property=\"og:site_name\" content=\"EKIDEM\" \/>\n<meta property=\"article:modified_time\" content=\"2025-09-23T07:10:53+00:00\" \/>\n<meta property=\"og:image\" content=\"https:\/\/www.ekidem.com\/wp-content\/uploads\/2022\/08\/portes-2.png\" \/>\n<meta name=\"twitter:card\" content=\"summary_large_image\" \/>\n<meta name=\"twitter:label1\" content=\"Dur\u00e9e de lecture estim\u00e9e\" \/>\n\t<meta name=\"twitter:data1\" content=\"2 minutes\" \/>\n<script type=\"application\/ld+json\" class=\"yoast-schema-graph\">{\"@context\":\"https:\/\/schema.org\",\"@graph\":[{\"@type\":\"WebPage\",\"@id\":\"https:\/\/www.ekidem.com\/index.php\/missions\/\",\"url\":\"https:\/\/www.ekidem.com\/index.php\/missions\/\",\"name\":\"Missions - EKIDEM\",\"isPartOf\":{\"@id\":\"https:\/\/www.ekidem.com\/#website\"},\"primaryImageOfPage\":{\"@id\":\"https:\/\/www.ekidem.com\/index.php\/missions\/#primaryimage\"},\"image\":{\"@id\":\"https:\/\/www.ekidem.com\/index.php\/missions\/#primaryimage\"},\"thumbnailUrl\":\"https:\/\/www.ekidem.com\/wp-content\/uploads\/2022\/08\/portes-2.png\",\"datePublished\":\"2022-08-24T16:58:08+00:00\",\"dateModified\":\"2025-09-23T07:10:53+00:00\",\"breadcrumb\":{\"@id\":\"https:\/\/www.ekidem.com\/index.php\/missions\/#breadcrumb\"},\"inLanguage\":\"fr-FR\",\"potentialAction\":[{\"@type\":\"ReadAction\",\"target\":[\"https:\/\/www.ekidem.com\/index.php\/missions\/\"]}]},{\"@type\":\"ImageObject\",\"inLanguage\":\"fr-FR\",\"@id\":\"https:\/\/www.ekidem.com\/index.php\/missions\/#primaryimage\",\"url\":\"https:\/\/www.ekidem.com\/wp-content\/uploads\/2022\/08\/portes-2.png\",\"contentUrl\":\"https:\/\/www.ekidem.com\/wp-content\/uploads\/2022\/08\/portes-2.png\",\"width\":450,\"height\":240},{\"@type\":\"BreadcrumbList\",\"@id\":\"https:\/\/www.ekidem.com\/index.php\/missions\/#breadcrumb\",\"itemListElement\":[{\"@type\":\"ListItem\",\"position\":1,\"name\":\"Accueil\",\"item\":\"https:\/\/www.ekidem.com\/\"},{\"@type\":\"ListItem\",\"position\":2,\"name\":\"Missions\"}]},{\"@type\":\"WebSite\",\"@id\":\"https:\/\/www.ekidem.com\/#website\",\"url\":\"https:\/\/www.ekidem.com\/\",\"name\":\"EKIDEM\",\"description\":\"R\u00e9ussir avec vous la digitalisation de votre Supply Chain\",\"publisher\":{\"@id\":\"https:\/\/www.ekidem.com\/#organization\"},\"potentialAction\":[{\"@type\":\"SearchAction\",\"target\":{\"@type\":\"EntryPoint\",\"urlTemplate\":\"https:\/\/www.ekidem.com\/?s={search_term_string}\"},\"query-input\":\"required name=search_term_string\"}],\"inLanguage\":\"fr-FR\"},{\"@type\":\"Organization\",\"@id\":\"https:\/\/www.ekidem.com\/#organization\",\"name\":\"EKIDEM\",\"url\":\"https:\/\/www.ekidem.com\/\",\"logo\":{\"@type\":\"ImageObject\",\"inLanguage\":\"fr-FR\",\"@id\":\"https:\/\/www.ekidem.com\/#\/schema\/logo\/image\/\",\"url\":\"https:\/\/www.ekidem.com\/wp-content\/uploads\/2022\/08\/Logo-3.png\",\"contentUrl\":\"https:\/\/www.ekidem.com\/wp-content\/uploads\/2022\/08\/Logo-3.png\",\"width\":616,\"height\":354,\"caption\":\"EKIDEM\"},\"image\":{\"@id\":\"https:\/\/www.ekidem.com\/#\/schema\/logo\/image\/\"}}]}<\/script>\n<!-- \/ Yoast SEO plugin. -->","yoast_head_json":{"title":"Missions - EKIDEM","robots":{"index":"index","follow":"follow","max-snippet":"max-snippet:-1","max-image-preview":"max-image-preview:large","max-video-preview":"max-video-preview:-1"},"canonical":"https:\/\/www.ekidem.com\/index.php\/missions\/","og_locale":"fr_FR","og_type":"article","og_title":"Missions - EKIDEM","og_description":"Aide au choix de logiciels Le choix d&rsquo;un WMS ou d&rsquo;un TMS est un projet avant le projet. L&rsquo;objectif sera de trouver la solution la plus adapt\u00e9e \u00e0 votre activit\u00e9: interviews, r\u00e9daction du cahier des charges et formalisation de l&rsquo;appel d&rsquo;offres jusqu&rsquo;au choix final et la contractualisation. Cadrage fonctionnel Qu&rsquo;EKIDEM ait particip\u00e9 ou non au [&hellip;]","og_url":"https:\/\/www.ekidem.com\/index.php\/missions\/","og_site_name":"EKIDEM","article_modified_time":"2025-09-23T07:10:53+00:00","og_image":[{"url":"https:\/\/www.ekidem.com\/wp-content\/uploads\/2022\/08\/portes-2.png"}],"twitter_card":"summary_large_image","twitter_misc":{"Dur\u00e9e de lecture estim\u00e9e":"2 minutes"},"schema":{"@context":"https:\/\/schema.org","@graph":[{"@type":"WebPage","@id":"https:\/\/www.ekidem.com\/index.php\/missions\/","url":"https:\/\/www.ekidem.com\/index.php\/missions\/","name":"Missions - EKIDEM","isPartOf":{"@id":"https:\/\/www.ekidem.com\/#website"},"primaryImageOfPage":{"@id":"https:\/\/www.ekidem.com\/index.php\/missions\/#primaryimage"},"image":{"@id":"https:\/\/www.ekidem.com\/index.php\/missions\/#primaryimage"},"thumbnailUrl":"https:\/\/www.ekidem.com\/wp-content\/uploads\/2022\/08\/portes-2.png","datePublished":"2022-08-24T16:58:08+00:00","dateModified":"2025-09-23T07:10:53+00:00","breadcrumb":{"@id":"https:\/\/www.ekidem.com\/index.php\/missions\/#breadcrumb"},"inLanguage":"fr-FR","potentialAction":[{"@type":"ReadAction","target":["https:\/\/www.ekidem.com\/index.php\/missions\/"]}]},{"@type":"ImageObject","inLanguage":"fr-FR","@id":"https:\/\/www.ekidem.com\/index.php\/missions\/#primaryimage","url":"https:\/\/www.ekidem.com\/wp-content\/uploads\/2022\/08\/portes-2.png","contentUrl":"https:\/\/www.ekidem.com\/wp-content\/uploads\/2022\/08\/portes-2.png","width":450,"height":240},{"@type":"BreadcrumbList","@id":"https:\/\/www.ekidem.com\/index.php\/missions\/#breadcrumb","itemListElement":[{"@type":"ListItem","position":1,"name":"Accueil","item":"https:\/\/www.ekidem.com\/"},{"@type":"ListItem","position":2,"name":"Missions"}]},{"@type":"WebSite","@id":"https:\/\/www.ekidem.com\/#website","url":"https:\/\/www.ekidem.com\/","name":"EKIDEM","description":"R\u00e9ussir avec vous la digitalisation de votre Supply Chain","publisher":{"@id":"https:\/\/www.ekidem.com\/#organization"},"potentialAction":[{"@type":"SearchAction","target":{"@type":"EntryPoint","urlTemplate":"https:\/\/www.ekidem.com\/?s={search_term_string}"},"query-input":"required name=search_term_string"}],"inLanguage":"fr-FR"},{"@type":"Organization","@id":"https:\/\/www.ekidem.com\/#organization","name":"EKIDEM","url":"https:\/\/www.ekidem.com\/","logo":{"@type":"ImageObject","inLanguage":"fr-FR","@id":"https:\/\/www.ekidem.com\/#\/schema\/logo\/image\/","url":"https:\/\/www.ekidem.com\/wp-content\/uploads\/2022\/08\/Logo-3.png","contentUrl":"https:\/\/www.ekidem.com\/wp-content\/uploads\/2022\/08\/Logo-3.png","width":616,"height":354,"caption":"EKIDEM"},"image":{"@id":"https:\/\/www.ekidem.com\/#\/schema\/logo\/image\/"}}]}},"_links":{"self":[{"href":"https:\/\/www.ekidem.com\/index.php\/wp-json\/wp\/v2\/pages\/211","targetHints":{"allow":["GET"]}}],"collection":[{"href":"https:\/\/www.ekidem.com\/index.php\/wp-json\/wp\/v2\/pages"}],"about":[{"href":"https:\/\/www.ekidem.com\/index.php\/wp-json\/wp\/v2\/types\/page"}],"author":[{"embeddable":true,"href":"https:\/\/www.ekidem.com\/index.php\/wp-json\/wp\/v2\/users\/1"}],"replies":[{"embeddable":true,"href":"https:\/\/www.ekidem.com\/index.php\/wp-json\/wp\/v2\/comments?post=211"}],"version-history":[{"count":22,"href":"https:\/\/www.ekidem.com\/index.php\/wp-json\/wp\/v2\/pages\/211\/revisions"}],"predecessor-version":[{"id":386,"href":"https:\/\/www.ekidem.com\/index.php\/wp-json\/wp\/v2\/pages\/211\/revisions\/386"}],"wp:attachment":[{"href":"https:\/\/www.ekidem.com\/index.php\/wp-json\/wp\/v2\/media?parent=211"}],"curies":[{"name":"wp","href":"https:\/\/api.w.org\/{rel}","templated":true}]}}